{"id":429,"date":"2019-01-29T15:15:38","date_gmt":"2019-01-29T15:15:38","guid":{"rendered":"https:\/\/raumfunktion.ch\/wordpress\/?page_id=429"},"modified":"2025-05-26T15:08:02","modified_gmt":"2025-05-26T13:08:02","slug":"home","status":"publish","type":"page","link":"https:\/\/xn--ausgleichsschttung-y6b.ch\/","title":{"rendered":"Home"},"content":{"rendered":"<div class=\"wpb-content-wrapper\"><p>[vc_row type=&#187;boxed&#187;][vc_column width=&#187;8\/12&#8243;][vc_column_text css=&#187;&#187;]<\/p>\n<h1>H&amp;F Ausgleischsch\u00fcttungen.<\/h1>\n<p>[\/vc_column_text][vc_empty_space height=&#187;30px&#187;][\/vc_column][vc_column width=&#187;4\/12&#8243;][\/vc_column][\/vc_row][vc_row css=&#187;.vc_custom_1746542884167{background-color: #F8F5F1 !important;}&#187;][vc_column css=&#187;.vc_custom_1746541220001{background-color: #FFFFFF !important;}&#187;][vc_column_text css=&#187;&#187;]<strong>H&amp;F Kalksplitt KS1400<\/strong> ist pures Naturgestein. Gepr\u00fcft bez\u00fcglich Druckbelastung und Schalld\u00e4mmung.<br \/>\nErh\u00f6hte Tritt- und Luftschallanforderungen werden mit dieser Sch\u00fcttung in oder auf der Decke wirkungsvoll erreicht.<\/p>\n<p><strong>H&amp;F CEMWOOD<\/strong> CW 1000-HF300 und CW 2000-HF370 sind die \u00e4usserst druckfesten Ausgleichssch\u00fcttungen aus mineralisierten Holzsp\u00e4nen.<br \/>\nDie positiven Eigenschaften von Holz und mineralischen Stoffen sind darin in sinnvoller weise raffiniert miteinander verbunden.[\/vc_column_text][vc_empty_space height=&#187;60px&#187;][\/vc_column][\/vc_row][vc_row type=&#187;boxed&#187;][vc_column width=&#187;1\/3&#8243;][vc_single_image image=&#187;683&#8243; img_size=&#187;&#187; alignment=&#187;center&#187; css=&#187;&#187;][\/vc_column][vc_column width=&#187;1\/3&#8243;][vc_single_image image=&#187;686&#8243; img_size=&#187;&#187; alignment=&#187;center&#187; css=&#187;&#187;][\/vc_column][vc_column width=&#187;1\/3&#8243;][vc_single_image image=&#187;684&#8243; img_size=&#187;&#187; alignment=&#187;center&#187; css=&#187;&#187;][\/vc_column][\/vc_row][vc_row type=&#187;boxed&#187;][vc_column][vc_empty_space height=&#187;60px&#187;][vc_column_text css=&#187;&#187;]Durch den Einsatz leistungsf\u00e4higer Materialien kann der Schallschutz im mehrgeschossigen Holzbau sicher gew\u00e4hrleistet werden.<\/p>\n<p>Die hochwirksamen H&amp;F Produkte bewirken einen ausgezeichneten Schallschutz und sind zudem auch bestens f\u00fcr den Einsatz in Geb\u00e4uden mit h\u00f6chsten bau\u00f6kologischen Anforderungen geeignet.[\/vc_column_text][vc_empty_space height=&#187;60px&#187;][\/vc_column][\/vc_row][vc_row][vc_column][vc_btn title=&#187;Weiter zu holzfunktion.ch&#187; size=&#187;lg&#187; align=&#187;center&#187; css=&#187;.vc_custom_1748264879224{background-color: #FFFFFF !important;}&#187; button_block=&#187;true&#187; link=&#187;url:https%3A%2F%2Fholzfunktion.ch%2FTrockenboden%2F&#187;][\/vc_column][\/vc_row]<\/p>\n<\/div>","protected":false},"excerpt":{"rendered":"<p>[vc_row type=&#187;boxed&#187;][vc_column width=&#187;8\/12&#8243;][vc_column_text css=&#187;&#187;] H&amp;F Ausgleischsch\u00fcttungen. [\/vc_column_text][vc_empty_space height=&#187;30px&#187;][\/vc_column][vc_column width=&#187;4\/12&#8243;][\/vc_column][\/vc_row][vc_row css=&#187;.vc_custom_1746542884167{background-color: #F8F5F1 !important;}&#187;][vc_column css=&#187;.vc_custom_1746541220001{background-color: #FFFFFF !important;}&#187;][vc_column_text css=&#187;&#187;]H&amp;F Kalksplitt KS1400 ist pures Naturgestein. Gepr\u00fcft bez\u00fcglich Druckbelastung und Schalld\u00e4mmung. Erh\u00f6hte Tritt- und Luftschallanforderungen werden mit dieser Sch\u00fcttung in oder auf der Decke wirkungsvoll erreicht. H&amp;F CEMWOOD CW 1000-HF300 und CW 2000-HF370 sind die \u00e4usserst druckfesten Ausgleichssch\u00fcttungen aus mineralisierten [&hellip;]<\/p>\n","protected":false},"author":2,"featured_media":0,"parent":0,"menu_order":1,"comment_status":"closed","ping_status":"closed","template":"","meta":{"footnotes":""},"class_list":["post-429","page","type-page","status-publish","hentry"],"_links":{"self":[{"href":"https:\/\/xn--ausgleichsschttung-y6b.ch\/index.php\/wp-json\/wp\/v2\/pages\/429","targetHints":{"allow":["GET"]}}],"collection":[{"href":"https:\/\/xn--ausgleichsschttung-y6b.ch\/index.php\/wp-json\/wp\/v2\/pages"}],"about":[{"href":"https:\/\/xn--ausgleichsschttung-y6b.ch\/index.php\/wp-json\/wp\/v2\/types\/page"}],"author":[{"embeddable":true,"href":"https:\/\/xn--ausgleichsschttung-y6b.ch\/index.php\/wp-json\/wp\/v2\/users\/2"}],"replies":[{"embeddable":true,"href":"https:\/\/xn--ausgleichsschttung-y6b.ch\/index.php\/wp-json\/wp\/v2\/comments?post=429"}],"version-history":[{"count":41,"href":"https:\/\/xn--ausgleichsschttung-y6b.ch\/index.php\/wp-json\/wp\/v2\/pages\/429\/revisions"}],"predecessor-version":[{"id":707,"href":"https:\/\/xn--ausgleichsschttung-y6b.ch\/index.php\/wp-json\/wp\/v2\/pages\/429\/revisions\/707"}],"wp:attachment":[{"href":"https:\/\/xn--ausgleichsschttung-y6b.ch\/index.php\/wp-json\/wp\/v2\/media?parent=429"}],"curies":[{"name":"wp","href":"https:\/\/api.w.org\/{rel}","templated":true}]}}